{"id":8,"date":"2018-11-15T18:43:21","date_gmt":"2018-11-15T18:43:21","guid":{"rendered":"http:\/\/eduardobalanza.com\/web\/?page_id=8"},"modified":"2026-02-18T14:13:43","modified_gmt":"2026-02-18T14:13:43","slug":"curriculum","status":"publish","type":"page","link":"https:\/\/eduardobalanza.com\/web\/curriculum\/","title":{"rendered":"CV"},"content":{"rendered":"\n<p><strong>EDUARDO BALANZA <\/strong><strong>1971<\/strong><\/p>\n\n\n\n<p><strong>&#8211; &#8211; &#8211; &#8211; &#8211; &#8211; &#8211; &#8211; &#8211; &#8211; &#8211; &#8211; &#8211; &#8211; &#8211; &#8211; &#8211; &#8211; &#8211; &#8211; &#8211; &#8211; &#8211; &#8211; &#8211; &#8211; &#8211; &#8211; &#8211; &#8211; &#8211; &#8211; &#8211; &#8211; &#8211; &#8211; &#8211; &#8211; <\/strong><strong><\/strong><\/p>\n\n\n\n<p>Diploma in Audiovisual Media 1997. Spain<\/p>\n\n\n\n<p>Post graduate Studies at EICTV, La Habana, Cuba. 1992-1993<\/p>\n\n\n\n<p>School of Visual Arts. New York City. NYC USA 1999<\/p>\n\n\n\n<p>New School University. Parsons School of Design. NYC USA 1999<\/p>\n\n\n\n<p><strong>INDIVIDUAL EXHIBITIONS<\/strong><\/p>\n\n\n\n<p>Azarbe 25. Folk, technology and local instruments. In collaboration with the artist Pedro Guirao. Curated by Amber kay. Murcia 2025<\/p>\n\n\n\n<p>AUTO. Cardboard. Festival MMM, Cartagena. Spain 2024<\/p>\n\n\n\n<p>Polyphonic Water Orchestra. Instruments and concerts around Organ B71. Collaboration with Pedro Guirao. Art &amp; Science Museum. Murcia 2024<\/p>\n\n\n\n<p>Radio Vanitas, Gallery Art9. Curated by Miguel \u00c1ngel Hern\u00e1ndez. Murcia 2022<\/p>\n\n\n\n<p>Sonorama, Serrer\u00eda Belga. Curated by Ana Garc\u00eda Alarc\u00f3n. Madrid 2022<\/p>\n\n\n\n<p>Metamorphosis. Curator Miguel Mesa del Castillo. Centro P\u00e1rraga. Murcia 2022<\/p>\n\n\n\n<p>Transforming Landscapes III Installation. CAB Burgos. Spain 2019<\/p>\n\n\n\n<p>Transforming Landscapes II Installation. Puertas de Castilla. Spain 2019<\/p>\n\n\n\n<p>Transforming Landscapes. <strong>Kunstforening Skien. Norway 2018<\/strong><\/p>\n\n\n\n<p>Maestros. Sala Ver\u00f3nicas, Murcia, Spain 2016-17<\/p>\n\n\n\n<p><em>Cardboard Houses. <\/em>Grant by Spanish Agency for Cooperation and Development AECID, CEE Nicaragua<em>. <\/em>Managua 2015<\/p>\n\n\n\n<p><em>Low Fidellity<\/em>. International Music Festival <em>\u201cLa Mar de M\u00fasicas\u201d.<\/em><\/p>\n\n\n\n<p>Cartagena 2014<\/p>\n\n\n\n<p><em>S\u00faper \u00c9xitos.<\/em> Produced by Mustang Foundation. Elche 2014<\/p>\n\n\n\n<p><em>Europe is Dead.<\/em> Gallery T20. Spain 2013<\/p>\n\n\n\n<p><em>Reflexions About the Music<\/em>. ECCO, Contemporary Art Space. C\u00e1diz. Spain 2013<\/p>\n\n\n\n<p><em>PLAYBACK.<\/em> Gallery Valle Ort\u00ed. Valencia 2012<\/p>\n\n\n\n<p>Radio Cobra<em> Operaci\u00f3n Rel\u00e1mpago. <\/em>CCE Tegucigalpa. Honduras 2011<\/p>\n\n\n\n<p>Radio Cobra<em> Melodramas. <\/em>CCE Guatemala. Guatemala 2011<\/p>\n\n\n\n<p><em>Remixes, Archaeology of the dance floors.<\/em> La Conservera, Murcia. Spain 2010<\/p>\n\n\n\n<p><em>MUTE WAR,<\/em> Regi\u00f3n de Murcia STAND. ARCO 2010<\/p>\n\n\n\n<p><em>The B Side of the dance floors. <\/em>Centro P\u00e1rraga, Murcia. Spain 2009<\/p>\n\n\n\n<p><em>PANASONIA,<\/em> Gallery T20. Murcia Spain 2009<\/p>\n\n\n\n<p><em>Radio Cobra<\/em> Cartagena and San Javier International Theater Festival 2008<\/p>\n\n\n\n<p><em>Radio Cobra \u201cMusic Bomb\u201d<\/em>. Gallery T20. Murcia 2005<\/p>\n\n\n\n<p><em>Boeing, Atta Airlines.<\/em> Escena Contempor\u00e1nea Performance and Theater Festival. Madrid 2005<\/p>\n\n\n\n<p><strong>JOINT EXHIBITIONS &amp; ART FAIRS<\/strong><\/p>\n\n\n\n<p><strong>Nyege Nyege festival. <\/strong>Sound installation. <strong>Oslo 2025<\/strong><\/p>\n\n\n\n<p>Omn\u00edmoda: photography as display. Curated by Sema da Costa. Museo de arte Contempor\u00e1neo. <strong>MUcac, Malaga<\/strong> 2025<\/p>\n\n\n\n<p>The Construction of a Multiple Us. CCC del Carme, retrospective exhibition about Lloren\u00e7 Barber. Curated by Lorenzo Sandoval. Valencia 2024<\/p>\n\n\n\n<p>Escucha Ciudad, Cendeac. Sound and noise in the city. Directed by Miguel Mesa del Castillo. Murcia 2023<\/p>\n\n\n\n<p>Vegard Vinge &amp; Ida M\u00fcller. <strong>Norske Teatret. Biggmeister Solness<\/strong> <strong>2023<\/strong><\/p>\n\n\n\n<p>Resonancias, codirected with Pedro Guirao. Art, Science and Technology. Sound installations with invited artists. Cuartel de Artiller\u00eda, Murcia. Curated by Amber Kay 2022-2023<\/p>\n\n\n\n<p>Proyector Film Festival. White Cube. Video Installation. Madrid 2020<\/p>\n\n\n\n<p>Radio Cobra, Mohamlet. <strong>Winterscenen, Porsgrunn. Norway 2019<\/strong><\/p>\n\n\n\n<p>Tiempo, Procesos, Memorias. Cervantes Institute. Beijing 2018<\/p>\n\n\n\n<p>Punk. Its traces in Contemporary Art. Curated by David G. Robles.<\/p>\n\n\n\n<p>Museo del Chopo, Mexico City 2017-18<\/p>\n\n\n\n<p>Punk. Its traces in Contemporary Art. Curated by David G. Robles.<\/p>\n\n\n\n<p>MACBA, Barcelona 2016<\/p>\n\n\n\n<p>Open <strong>Art Bienal \u00d6rebro<\/strong><em> The Panasonic War, <\/em><strong>Sweden<\/strong> 2015<\/p>\n\n\n\n<p>90 years of the Radio<em>. <\/em><strong>Artium<\/strong>, Contemporary art Museum Vitoria. 2015<\/p>\n\n\n\n<p>Contemporary Art Fair of Madrid ARCO since 2004, Gallery T20<\/p>\n\n\n\n<p><em>Wish You Were Here.<\/em> WYWH, Rotterdam. Holland 2012<\/p>\n\n\n\n<p>ARCO 2012, Gallery T20 Highlighted Artist<\/p>\n\n\n\n<p><em>Thank you for the music<\/em>. <strong>KIASMA,<\/strong> Museum of Contemporary Art. Finland, <strong>Helsinki 2012<\/strong><\/p>\n\n\n\n<p><em>Dead Music. <\/em>SOS Festival, curated by <strong>David Barro<\/strong>. Murcia 2011<\/p>\n\n\n\n<p><strong>Manifesta 8 <\/strong>Paralelos. Cartagena, Spain 2010<\/p>\n\n\n\n<p><em>OFF PAC<\/em>&nbsp; Curated by Cuauht\u00e9moc Medina. Murcia 2010<\/p>\n\n\n\n<p><em>Club 1984. <\/em>Meet Factory. Prague 2010<\/p>\n\n\n\n<p><em>VOLTA.<\/em> Galer\u00eda T20, Basilea, Switzerland 2010<\/p>\n\n\n\n<p><em>SOUVENIR.<\/em> <strong>Bethanien Kunstler Haus. Berlin<\/strong> 2009<\/p>\n\n\n\n<p><em>Bridge on a Wall.<\/em> Gallery Tristesse De Luxe, Berlin 2008<\/p>\n\n\n\n<p><em>Videoakt.<\/em> Internatioanal Video Art Show, Berlin 2008<\/p>\n\n\n\n<p><em>Escudos de Papel.<\/em> Contemporary Art Museum. Alicante 2008<\/p>\n\n\n\n<p><em>Rock My Illusions.<\/em> Boti Fundation. C\u00f3rdoba 2007<\/p>\n\n\n\n<p><em>Atta Airlines.<\/em> Historias Animadas. <strong>Le Fresnoy. Lille<\/strong>. France 2007<\/p>\n\n\n\n<p>Atta Airlines. <strong>Caixa Forum<\/strong>. Historias Animadas (Told Tales) Barcelona 2006<\/p>\n\n\n\n<p><strong>PERFORMANCE, THEATRE AND FILMS<\/strong><\/p>\n\n\n\n<p><strong>Set Director<\/strong>. El Compromiso, documentary film directed by <strong>Norberto L\u00f3pez.<\/strong> Produced by Emilio Arag\u00f3n inspired in Maurice Ravel. Madrid 2025<\/p>\n\n\n\n<p>Metamorphosis, Color. Film 20 mints 2022<\/p>\n\n\n\n<p>La Fragilidad de Habitar. Film 14mints 2019<\/p>\n\n\n\n<p>Radio Cobra \u201cKill Don Giovanni\u201d, Skien 2019<\/p>\n\n\n\n<p>Radio Cobra Burka<strong><em>.<\/em><\/strong> Host Punkt Festival, Skyen 2014-15<\/p>\n\n\n\n<p><em>B\u00f6sse Diva Teater.<\/em> DoppelHamlet. Berlin 2013<\/p>\n\n\n\n<p><strong>Working with Vegar Vinge and Ida M\u00fcller <\/strong>on its Ibsen Sage work<strong>.<\/strong> Vildanden, 12 Spartenhaus and Gabriel Borkman. Prater Theater, Berlin. 2011-2013-2017<\/p>\n\n\n\n<p><em>The Answering Machine<\/em> by Finn Junker<em>.&nbsp;<\/em>Directed by Sara Serrano. <strong>Black Box,<\/strong> <strong>Oslo 2004<\/strong><\/p>\n\n\n\n<p><em>Key Concepts of the Modern World. <\/em>El\u00edas Le\u00f3n Siminiani, 2000 NYC<\/p>\n\n\n\n<p><em>Zapping Film. <\/em>Chumilla Carbajosa. Set Direction 1998<\/p>\n\n\n\n<p><em>Film Go for Gold. <\/em><strong>Win Wenders<\/strong>, Set Director assistant 1997<\/p>\n\n\n\n<p><strong>Grants<\/strong><\/p>\n\n\n\n<p>Vegap, Los instrumentos. 2026<\/p>\n\n\n\n<p>The Fluvial System Symphony ICA Murcia 2021-2022<\/p>\n\n\n\n<p>La Seda, Ethnography and Biomedicine ICA Murcia 2020<\/p>\n\n\n\n<p>Organ B71. Leonardo Grant BBVA, Madrid 2017-2019<\/p>\n\n\n\n<p>Creative Institute, ICA. The Beta Organ project. Investigation, design and construction of musical instruments Murcia-Skien (Norway) 2017<\/p>\n\n\n\n<p>Estipend Skien Komunne. Transforming Landscapes, <strong>research about the Industrial Heritage in Norway,<\/strong> 2017<\/p>\n\n\n\n<p>Art Ext AECID Grant for artists. Cardboard as a material to create. Nicaragua 2015<\/p>\n\n\n\n<p>Meet Factory &amp; Czech Theater Institute<strong>.<\/strong> Praha 2010<\/p>\n\n\n\n<p>Grant PAC Murcia 2008, residency in Glogauair Kunst house Berlin 2008-09<\/p>\n","protected":false},"excerpt":{"rendered":"<p>EDUARDO BALANZA 1971 &#8211; &#8211; &#8211; &#8211; &#8211; &#8211; &#8211; &#8211; &#8211; &#8211; &#8211; &#8211; &#8211; &#8211; &#8211; &#8211; &#8211; &#8211; &#8211; &#8211; &#8211; &#8211; &#8211; &#8211; &#8211; &#8211; &#8211; &#8211; &#8211; &#8211; &#8211; &#8211; &#8211; &#8211; &#8211; &#8211; &#8211; &#8211; Diploma in Audiovisual Media 1997. Spain Post graduate Studies at EICTV, La Habana, Cuba. 1992-1993 School of Visual Arts. New York City. NYC USA 1999 New School University. Parsons School of Design. NYC USA 1999 INDIVIDUAL EXHIBITIONS Azarbe 25. Folk, technology and local instruments. In collaboration with the artist Pedro Guirao. Curated by Amber kay. Murcia 2025 AUTO. Cardboard. Festival MMM, Cartagena. Spain 2024 Polyphonic Water Orchestra. Instruments and concerts around Organ B71. Collaboration with Pedro Guirao. Art &amp; Science Museum. Murcia 2024 Radio Vanitas, Gallery Art9. Curated by Miguel \u00c1ngel Hern\u00e1ndez. Murcia 2022 Sonorama, Serrer\u00eda Belga. Curated by Ana Garc\u00eda Alarc\u00f3n. Madrid 2022 Metamorphosis. Curator Miguel Mesa del Castillo. Centro P\u00e1rraga. Murcia 2022 Transforming Landscapes III Installation. CAB Burgos. Spain 2019 Transforming Landscapes II Installation. Puertas de Castilla. Spain 2019 Transforming Landscapes. Kunstforening Skien. Norway 2018 Maestros. Sala Ver\u00f3nicas, Murcia, Spain 2016-17 Cardboard Houses. Grant by Spanish Agency for Cooperation and Development AECID, CEE Nicaragua. Managua 2015 Low Fidellity. International Music Festival \u201cLa Mar de M\u00fasicas\u201d. Cartagena 2014 S\u00faper \u00c9xitos. Produced by Mustang Foundation. Elche 2014 Europe is Dead. Gallery T20. Spain 2013 Reflexions About the Music. ECCO, Contemporary Art Space. C\u00e1diz. Spain 2013 PLAYBACK. Gallery Valle Ort\u00ed. Valencia 2012 Radio Cobra Operaci\u00f3n Rel\u00e1mpago. CCE Tegucigalpa. Honduras 2011 Radio Cobra Melodramas. CCE Guatemala. Guatemala 2011 Remixes, Archaeology of the dance floors. La Conservera, Murcia. Spain 2010 MUTE WAR, Regi\u00f3n de Murcia STAND. ARCO 2010 The B Side of the dance floors. Centro P\u00e1rraga, Murcia. Spain 2009 PANASONIA, Gallery T20. Murcia Spain 2009 Radio Cobra Cartagena and San Javier International Theater Festival 2008 Radio Cobra \u201cMusic Bomb\u201d. Gallery T20. Murcia 2005 Boeing, Atta Airlines. Escena Contempor\u00e1nea Performance and Theater Festival. Madrid 2005 JOINT EXHIBITIONS &amp; ART FAIRS Nyege Nyege festival. Sound installation. Oslo 2025 Omn\u00edmoda: photography as display. Curated by Sema da Costa. Museo de arte Contempor\u00e1neo. MUcac, Malaga 2025 The Construction of a Multiple Us. CCC del Carme, retrospective exhibition about Lloren\u00e7 Barber. Curated by Lorenzo Sandoval. Valencia 2024 Escucha Ciudad, Cendeac. Sound and noise in the city. Directed by Miguel Mesa del Castillo. Murcia 2023 Vegard Vinge &amp; Ida M\u00fcller. Norske Teatret. Biggmeister Solness 2023 Resonancias, codirected with Pedro Guirao. Art, Science and Technology. Sound installations with invited artists. Cuartel de Artiller\u00eda, Murcia. Curated by Amber Kay 2022-2023 Proyector Film Festival. White Cube. Video Installation. Madrid 2020 Radio Cobra, Mohamlet. Winterscenen, Porsgrunn. Norway 2019 Tiempo, Procesos, Memorias. Cervantes Institute. Beijing 2018 Punk. Its traces in Contemporary Art. Curated by David G. Robles. Museo del Chopo, Mexico City 2017-18 Punk. Its traces in Contemporary Art. Curated by David G. Robles. MACBA, Barcelona 2016 Open Art Bienal \u00d6rebro The Panasonic War, Sweden 2015 90 years of the Radio. Artium, Contemporary art Museum Vitoria. 2015 Contemporary Art Fair of Madrid ARCO since 2004, Gallery T20 Wish You Were Here. WYWH, Rotterdam. Holland 2012 ARCO 2012, Gallery T20 Highlighted Artist Thank you for the music. KIASMA, Museum of Contemporary Art. Finland, Helsinki 2012 Dead Music. SOS Festival, curated by David Barro. Murcia 2011 Manifesta 8 Paralelos. Cartagena, Spain 2010 OFF PAC&nbsp; Curated by Cuauht\u00e9moc Medina. Murcia 2010 Club 1984. Meet Factory. Prague 2010 VOLTA. Galer\u00eda T20, Basilea, Switzerland 2010 SOUVENIR. Bethanien Kunstler Haus. Berlin 2009 Bridge on a Wall. Gallery Tristesse De Luxe, Berlin 2008 Videoakt. Internatioanal Video Art Show, Berlin 2008 Escudos de Papel. Contemporary Art Museum. Alicante 2008 Rock My Illusions. Boti Fundation. C\u00f3rdoba 2007 Atta Airlines. Historias Animadas. Le Fresnoy. Lille. France 2007 Atta Airlines. Caixa Forum. Historias Animadas (Told Tales) Barcelona 2006 PERFORMANCE, THEATRE AND FILMS Set Director. El Compromiso, documentary film directed by Norberto L\u00f3pez. Produced by Emilio Arag\u00f3n inspired in Maurice Ravel. Madrid 2025 Metamorphosis, Color. Film 20 mints 2022 La Fragilidad de Habitar. Film 14mints 2019 Radio Cobra \u201cKill Don Giovanni\u201d, Skien 2019 Radio Cobra Burka. Host Punkt Festival, Skyen 2014-15 B\u00f6sse Diva Teater. DoppelHamlet. Berlin 2013 Working with Vegar Vinge and Ida M\u00fcller on its Ibsen Sage work. Vildanden, 12 Spartenhaus and Gabriel Borkman. Prater Theater, Berlin. 2011-2013-2017 The Answering Machine by Finn Junker.&nbsp;Directed by Sara Serrano. Black Box, Oslo 2004 Key Concepts of the Modern World. El\u00edas Le\u00f3n Siminiani, 2000 NYC Zapping Film. Chumilla Carbajosa. Set Direction 1998 Film Go for Gold. Win Wenders, Set Director assistant 1997 Grants Vegap, Los instrumentos. 2026 The Fluvial System Symphony ICA Murcia 2021-2022 La Seda, Ethnography and Biomedicine ICA Murcia 2020 Organ B71. Leonardo Grant BBVA, Madrid 2017-2019 Creative Institute, ICA. The Beta Organ project. Investigation, design and construction of musical instruments Murcia-Skien (Norway) 2017 Estipend Skien Komunne. Transforming Landscapes, research about the Industrial Heritage in Norway, 2017 Art Ext AECID Grant for artists. Cardboard as a material to create. Nicaragua 2015 Meet Factory &amp; Czech Theater Institute. Praha 2010 Grant PAC Murcia 2008, residency in Glogauair Kunst house Berlin 2008-09<\/p>\n","protected":false},"author":1,"featured_media":0,"parent":0,"menu_order":2,"comment_status":"closed","ping_status":"closed","template":"","meta":[],"_links":{"self":[{"href":"https:\/\/eduardobalanza.com\/web\/wp-json\/wp\/v2\/pages\/8"}],"collection":[{"href":"https:\/\/eduardobalanza.com\/web\/wp-json\/wp\/v2\/pages"}],"about":[{"href":"https:\/\/eduardobalanza.com\/web\/wp-json\/wp\/v2\/types\/page"}],"author":[{"embeddable":true,"href":"https:\/\/eduardobalanza.com\/web\/wp-json\/wp\/v2\/users\/1"}],"replies":[{"embeddable":true,"href":"https:\/\/eduardobalanza.com\/web\/wp-json\/wp\/v2\/comments?post=8"}],"version-history":[{"count":22,"href":"https:\/\/eduardobalanza.com\/web\/wp-json\/wp\/v2\/pages\/8\/revisions"}],"predecessor-version":[{"id":826,"href":"https:\/\/eduardobalanza.com\/web\/wp-json\/wp\/v2\/pages\/8\/revisions\/826"}],"wp:attachment":[{"href":"https:\/\/eduardobalanza.com\/web\/wp-json\/wp\/v2\/media?parent=8"}],"curies":[{"name":"wp","href":"https:\/\/api.w.org\/{rel}","templated":true}]}}