{"id":419,"date":"2018-12-07T19:12:41","date_gmt":"2018-12-07T19:12:41","guid":{"rendered":"http:\/\/eduardobalanza.com\/web\/?page_id=419"},"modified":"2021-02-28T10:14:32","modified_gmt":"2021-02-28T10:14:32","slug":"texts","status":"publish","type":"page","link":"https:\/\/eduardobalanza.com\/web\/texts\/","title":{"rendered":"TEXTS"},"content":{"rendered":"\n<div class=\"wp-block-group has-black-color has-text-color\"><div class=\"wp-block-group__inner-container\"><\/div><\/div>\n\n\n\n<figure class=\"wp-block-embed is-type-wp-embed is-provider-a-desk wp-block-embed-a-desk\"><div class=\"wp-block-embed__wrapper\">\n<div class=\"video-wrapper\"><blockquote class=\"wp-embedded-content\" data-secret=\"eCkd0rVve8\"><a href=\"https:\/\/a-desk.org\/magazine\/el-silencio-es-la-cara-a-del-sonido-entrevista-a-eduardo-balanza\/\">El silencio es la cara A del sonido. Entrevista a Eduardo Balanza<\/a><\/blockquote><iframe class=\"wp-embedded-content\" sandbox=\"allow-scripts\" security=\"restricted\" style=\"position: absolute; clip: rect(1px, 1px, 1px, 1px);\" title=\"\u00abEl silencio es la cara A del sonido. Entrevista a Eduardo Balanza\u00bb \u2014 A*Desk\" src=\"https:\/\/a-desk.org\/magazine\/el-silencio-es-la-cara-a-del-sonido-entrevista-a-eduardo-balanza\/embed\/#?secret=eCkd0rVve8\" data-secret=\"eCkd0rVve8\" width=\"500\" height=\"282\" frameborder=\"0\" marginwidth=\"0\" marginheight=\"0\" scrolling=\"no\"><\/iframe><\/div>\n<\/div><\/figure>\n\n\n\n<p><strong>ARQUEOLOG\u00cdA DE LAS PISTAS DE BAILE, SEMA D`ACOSTA<\/strong><\/p>\n\n\n\n<p>El proyecto que Eduardo Balanza (Murcia, 1971) presenta en La Conservera es un <strong>extenso trabajo de reinterpretaci\u00f3n y apropiacionismo que tiene como hilo conductor la m\u00fasica popular<\/strong>, un elemento muy arraigado en nuestra sociedad de masas que, en un proceso constante de retroalimentaci\u00f3n, <strong>mezcla con absoluta naturalidad alta y baja cultura<\/strong>,  superponiendo figuras conocidas como Michael Jackson o Jimi Hendrix con  cl\u00e1sicos como Beethoven o Bach. Aunque la exposici\u00f3n es ambiciosa y se  articula en diferentes registros -empieza con una intervenci\u00f3n p\u00fablica  en una valla publicitaria y termina con piezas sonoras-, las distintas  propuestas se acoplan y complementan para ofrecer un conjunto m\u00e1s que  sugerente. <\/p>\n\n\n\n<p>Leer m\u00e1s&#8230;<\/p>\n\n\n\n<p><a href=\"https:\/\/www.elcultural.com\/revista\/arte\/Eduardo-Balanza\/27818\">https:\/\/www.elcultural.com\/revista\/arte\/Eduardo-Balanza\/27818<\/a><\/p>\n\n\n\n<p><\/p>\n","protected":false},"excerpt":{"rendered":"<p>ARQUEOLOG\u00cdA DE LAS PISTAS DE BAILE, SEMA D`ACOSTA El proyecto que Eduardo Balanza (Murcia, 1971) presenta en La Conservera es un extenso trabajo de reinterpretaci\u00f3n y apropiacionismo que tiene como hilo conductor la m\u00fasica popular, un elemento muy arraigado en nuestra sociedad de masas que, en un proceso constante de retroalimentaci\u00f3n, mezcla con absoluta naturalidad alta y baja cultura, superponiendo figuras conocidas como Michael Jackson o Jimi Hendrix con cl\u00e1sicos como Beethoven o Bach. Aunque la exposici\u00f3n es ambiciosa y se articula en diferentes registros -empieza con una intervenci\u00f3n p\u00fablica en una valla publicitaria y termina con piezas sonoras-, las distintas propuestas se acoplan y complementan para ofrecer un conjunto m\u00e1s que sugerente. Leer m\u00e1s&#8230; https:\/\/www.elcultural.com\/revista\/arte\/Eduardo-Balanza\/27818<\/p>\n","protected":false},"author":1,"featured_media":0,"parent":0,"menu_order":0,"comment_status":"closed","ping_status":"closed","template":"","meta":[],"_links":{"self":[{"href":"https:\/\/eduardobalanza.com\/web\/wp-json\/wp\/v2\/pages\/419"}],"collection":[{"href":"https:\/\/eduardobalanza.com\/web\/wp-json\/wp\/v2\/pages"}],"about":[{"href":"https:\/\/eduardobalanza.com\/web\/wp-json\/wp\/v2\/types\/page"}],"author":[{"embeddable":true,"href":"https:\/\/eduardobalanza.com\/web\/wp-json\/wp\/v2\/users\/1"}],"replies":[{"embeddable":true,"href":"https:\/\/eduardobalanza.com\/web\/wp-json\/wp\/v2\/comments?post=419"}],"version-history":[{"count":9,"href":"https:\/\/eduardobalanza.com\/web\/wp-json\/wp\/v2\/pages\/419\/revisions"}],"predecessor-version":[{"id":676,"href":"https:\/\/eduardobalanza.com\/web\/wp-json\/wp\/v2\/pages\/419\/revisions\/676"}],"wp:attachment":[{"href":"https:\/\/eduardobalanza.com\/web\/wp-json\/wp\/v2\/media?parent=419"}],"curies":[{"name":"wp","href":"https:\/\/api.w.org\/{rel}","templated":true}]}}