{"id":354,"date":"2018-11-19T18:51:57","date_gmt":"2018-11-19T18:51:57","guid":{"rendered":"http:\/\/eduardobalanza.com\/web\/?page_id=354"},"modified":"2019-01-04T11:15:15","modified_gmt":"2019-01-04T11:15:15","slug":"radio-cobra","status":"publish","type":"page","link":"https:\/\/eduardobalanza.com\/web\/radio-cobra\/","title":{"rendered":"RADIO COBRA"},"content":{"rendered":"<div class=\"mCSB_container mCS_no_scrollbar\">\n<p>His work is based on the versatility of language as an instrument in the creation of spoken performances and Radio sessions, which break down the distinction between music and performance art. In his performances he fuses fragments of advertising slogans, everyday conversations, literature, his own texts, social media posts, and clich\u00e9s that culminate in a powerful soundscape, halfway between performance art and Radio.<\/p>\n<p>The work combines performance and voice, exploring the limits of the radio broadcasting. The Project offers an opportunity to reflect on the dimension of \u2018elsewhere\u2019 understood as a space of emancipation within a contemporary culture that increasingly promotes the concept of inclusion as a deterrent to diversity and change.<\/p>\n<p>The installation-performance, which acts both as a stage for the performer and stalls for the audience, a \u2018different\u2019 space infested by the murmuring and whispering of stories kept quiet, popular myths, commonplaces, and possible forms of resistance and cultural impositions.<\/p>\n<div id='gallery-1' class='gallery galleryid-354 gallery-columns-1 gallery-size-large'><figure class='gallery-item'>\n\t\t\t<div class='gallery-icon landscape'>\n\t\t\t\t<a href='https:\/\/eduardobalanza.com\/web\/wp-content\/uploads\/2018\/11\/Radio-Cobra-2.jpg'><img width=\"1024\" height=\"683\" src=\"https:\/\/eduardobalanza.com\/web\/wp-content\/uploads\/2018\/11\/Radio-Cobra-2-1024x683.jpg\" class=\"attachment-large size-large\" alt=\"\" loading=\"lazy\" aria-describedby=\"gallery-1-242\" srcset=\"https:\/\/eduardobalanza.com\/web\/wp-content\/uploads\/2018\/11\/Radio-Cobra-2-1024x683.jpg 1024w, https:\/\/eduardobalanza.com\/web\/wp-content\/uploads\/2018\/11\/Radio-Cobra-2-300x200.jpg 300w, https:\/\/eduardobalanza.com\/web\/wp-content\/uploads\/2018\/11\/Radio-Cobra-2-768x512.jpg 768w, https:\/\/eduardobalanza.com\/web\/wp-content\/uploads\/2018\/11\/Radio-Cobra-2-1200x800.jpg 1200w, https:\/\/eduardobalanza.com\/web\/wp-content\/uploads\/2018\/11\/Radio-Cobra-2-685x457.jpg 685w, https:\/\/eduardobalanza.com\/web\/wp-content\/uploads\/2018\/11\/Radio-Cobra-2-580x387.jpg 580w, https:\/\/eduardobalanza.com\/web\/wp-content\/uploads\/2018\/11\/Radio-Cobra-2.jpg 1536w\" sizes=\"(max-width: 1024px) 100vw, 1024px\" \/><\/a>\n\t\t\t<\/div>\n\t\t\t\t<figcaption class='wp-caption-text gallery-caption' id='gallery-1-242'>\n\t\t\t\tD\u00eda de los Muertos. Galer\u00eda T20, Murcia 2011\n\t\t\t\t<\/figcaption><\/figure><figure class='gallery-item'>\n\t\t\t<div class='gallery-icon landscape'>\n\t\t\t\t<a href='https:\/\/eduardobalanza.com\/web\/wp-content\/uploads\/2018\/11\/Radio-Cobra-1.jpg'><img width=\"1024\" height=\"683\" src=\"https:\/\/eduardobalanza.com\/web\/wp-content\/uploads\/2018\/11\/Radio-Cobra-1-1024x683.jpg\" class=\"attachment-large size-large\" alt=\"\" loading=\"lazy\" aria-describedby=\"gallery-1-241\" srcset=\"https:\/\/eduardobalanza.com\/web\/wp-content\/uploads\/2018\/11\/Radio-Cobra-1-1024x683.jpg 1024w, https:\/\/eduardobalanza.com\/web\/wp-content\/uploads\/2018\/11\/Radio-Cobra-1-300x200.jpg 300w, https:\/\/eduardobalanza.com\/web\/wp-content\/uploads\/2018\/11\/Radio-Cobra-1-768x512.jpg 768w, https:\/\/eduardobalanza.com\/web\/wp-content\/uploads\/2018\/11\/Radio-Cobra-1-1200x800.jpg 1200w, https:\/\/eduardobalanza.com\/web\/wp-content\/uploads\/2018\/11\/Radio-Cobra-1-685x457.jpg 685w, https:\/\/eduardobalanza.com\/web\/wp-content\/uploads\/2018\/11\/Radio-Cobra-1-580x387.jpg 580w, https:\/\/eduardobalanza.com\/web\/wp-content\/uploads\/2018\/11\/Radio-Cobra-1.jpg 1417w\" sizes=\"(max-width: 1024px) 100vw, 1024px\" \/><\/a>\n\t\t\t<\/div>\n\t\t\t\t<figcaption class='wp-caption-text gallery-caption' id='gallery-1-241'>\n\t\t\t\tErotismo y Porno. Club Ocio, Murcia 2012\n\t\t\t\t<\/figcaption><\/figure><figure class='gallery-item'>\n\t\t\t<div class='gallery-icon landscape'>\n\t\t\t\t<a href='https:\/\/eduardobalanza.com\/web\/wp-content\/uploads\/2018\/11\/radio-cobra-beirut.jpg'><img width=\"1024\" height=\"683\" src=\"https:\/\/eduardobalanza.com\/web\/wp-content\/uploads\/2018\/11\/radio-cobra-beirut-1024x683.jpg\" class=\"attachment-large size-large\" alt=\"\" loading=\"lazy\" aria-describedby=\"gallery-1-245\" srcset=\"https:\/\/eduardobalanza.com\/web\/wp-content\/uploads\/2018\/11\/radio-cobra-beirut-1024x683.jpg 1024w, https:\/\/eduardobalanza.com\/web\/wp-content\/uploads\/2018\/11\/radio-cobra-beirut-300x200.jpg 300w, https:\/\/eduardobalanza.com\/web\/wp-content\/uploads\/2018\/11\/radio-cobra-beirut-768x512.jpg 768w, https:\/\/eduardobalanza.com\/web\/wp-content\/uploads\/2018\/11\/radio-cobra-beirut-1200x800.jpg 1200w, https:\/\/eduardobalanza.com\/web\/wp-content\/uploads\/2018\/11\/radio-cobra-beirut-685x457.jpg 685w, https:\/\/eduardobalanza.com\/web\/wp-content\/uploads\/2018\/11\/radio-cobra-beirut-580x387.jpg 580w, https:\/\/eduardobalanza.com\/web\/wp-content\/uploads\/2018\/11\/radio-cobra-beirut.jpg 1417w\" sizes=\"(max-width: 1024px) 100vw, 1024px\" \/><\/a>\n\t\t\t<\/div>\n\t\t\t\t<figcaption class='wp-caption-text gallery-caption' id='gallery-1-245'>\n\t\t\t\tBeirut 1001 Nights, 2009\n\t\t\t\t<\/figcaption><\/figure>\n\t\t<\/div>\n\n<div class=\"mCSB_container mCS_no_scrollbar\">\n<p><em>Su trabajo se basa en la versatilidad del lenguaje y la m\u00fasica como instrumento en la creaci\u00f3n de interpretaciones orales y radiof\u00f3nicas que rompen la distinci\u00f3n entre m\u00fasica y performance. En sus actuaciones, fusiona fragmentos de esl\u00f3ganes publicitarios, conversaciones cotidianas, literatura y publicaciones en redes sociales, textos de su propia creaci\u00f3n y clich\u00e9s que culminan en un poderoso paisaje sonoro, a medio camino entre la &nbsp;performance y la Radio. El trabajo combina m\u00fasica y voz, explorando los l\u00edmites de la radiodifusi\u00f3n.<\/em><\/p>\n<p><em>El Proyecto Radio Cobra ofrece la oportunidad de reflexionar sobre la dimensi\u00f3n de otro lugar, la radiofon\u00eda, en directo. \u201cLa emisi\u00f3n\u201d entendida como un espacio de emancipaci\u00f3n y subversi\u00f3n del lenguaje dentro de una cultura contempor\u00e1nea que promueve cada vez m\u00e1s el concepto de inclusi\u00f3n como elemento disuasorio de la diversidad y el cambio.<\/em><\/p>\n<p><em>La instalaci\u00f3n-performance act\u00faa como un escenario para el int\u00e9rprete y para el p\u00fablico, un set mezclado por el murmullo y el susurro de historias calladas, mitos populares, clich\u00e9s, lugares comunes y formas de resistencia a imposiciones culturales.<\/em><\/p>\n<\/div>\n<\/div>\n\n\n<p><\/p>\n","protected":false},"excerpt":{"rendered":"<p>His work is based on the versatility of language as an instrument in the creation of spoken performances and Radio sessions, which break down the distinction between music and performance art. In his performances he fuses fragments of advertising slogans, everyday conversations, literature, his own texts, social media posts, and clich\u00e9s that culminate in a powerful soundscape, halfway between performance art and Radio. The work combines performance and voice, exploring the limits of the radio broadcasting. The Project offers an opportunity to reflect on the dimension of \u2018elsewhere\u2019 understood as a space of emancipation within a contemporary culture that increasingly promotes the concept of inclusion as a deterrent to diversity and change. The installation-performance, which acts both as a stage for the performer and stalls for the audience, a \u2018different\u2019 space infested by the murmuring and whispering of stories kept quiet, popular myths, commonplaces, and possible forms of resistance and cultural impositions. Su trabajo se basa en la versatilidad del lenguaje y la m\u00fasica como instrumento en la creaci\u00f3n de interpretaciones orales y radiof\u00f3nicas que rompen la distinci\u00f3n entre m\u00fasica y performance. En sus actuaciones, fusiona fragmentos de esl\u00f3ganes publicitarios, conversaciones cotidianas, literatura y publicaciones en redes sociales, textos de su propia creaci\u00f3n y clich\u00e9s que culminan en un poderoso paisaje sonoro, a medio camino entre la &nbsp;performance y la Radio. El trabajo combina m\u00fasica y voz, explorando los l\u00edmites de la radiodifusi\u00f3n. El Proyecto Radio Cobra ofrece la oportunidad de reflexionar sobre la dimensi\u00f3n de otro lugar, la radiofon\u00eda, en directo. \u201cLa emisi\u00f3n\u201d entendida como un espacio de emancipaci\u00f3n y subversi\u00f3n del lenguaje dentro de una cultura contempor\u00e1nea que promueve cada vez m\u00e1s el concepto de inclusi\u00f3n como elemento disuasorio de la diversidad y el cambio. La instalaci\u00f3n-performance act\u00faa como un escenario para el int\u00e9rprete y para el p\u00fablico, un set mezclado por el murmullo y el susurro de historias calladas, mitos populares, clich\u00e9s, lugares comunes y formas de resistencia a imposiciones culturales.<\/p>\n","protected":false},"author":1,"featured_media":0,"parent":0,"menu_order":0,"comment_status":"closed","ping_status":"closed","template":"","meta":[],"_links":{"self":[{"href":"https:\/\/eduardobalanza.com\/web\/wp-json\/wp\/v2\/pages\/354"}],"collection":[{"href":"https:\/\/eduardobalanza.com\/web\/wp-json\/wp\/v2\/pages"}],"about":[{"href":"https:\/\/eduardobalanza.com\/web\/wp-json\/wp\/v2\/types\/page"}],"author":[{"embeddable":true,"href":"https:\/\/eduardobalanza.com\/web\/wp-json\/wp\/v2\/users\/1"}],"replies":[{"embeddable":true,"href":"https:\/\/eduardobalanza.com\/web\/wp-json\/wp\/v2\/comments?post=354"}],"version-history":[{"count":7,"href":"https:\/\/eduardobalanza.com\/web\/wp-json\/wp\/v2\/pages\/354\/revisions"}],"predecessor-version":[{"id":519,"href":"https:\/\/eduardobalanza.com\/web\/wp-json\/wp\/v2\/pages\/354\/revisions\/519"}],"wp:attachment":[{"href":"https:\/\/eduardobalanza.com\/web\/wp-json\/wp\/v2\/media?parent=354"}],"curies":[{"name":"wp","href":"https:\/\/api.w.org\/{rel}","templated":true}]}}